{"id":82,"date":"2018-07-27T00:36:39","date_gmt":"2018-07-27T00:36:39","guid":{"rendered":"http:\/\/inii2.ucr.ac.cr\/cedaa\/?page_id=82"},"modified":"2019-09-06T15:22:40","modified_gmt":"2019-09-06T15:22:40","slug":"cedaa","status":"publish","type":"page","link":"https:\/\/cedaa.ucr.ac.cr\/en\/","title":{"rendered":"CEDAA"},"content":{"rendered":"<div data-elementor-type=\"wp-post\" data-elementor-id=\"82\" class=\"elementor elementor-82 elementor-bc-flex-widget\">\n\t\t\t\t\t\t<section class=\"elementor-section elementor-top-section elementor-element elementor-element-478505a elementor-section-boxed elementor-section-height-default elementor-section-height-default\" data-id=\"478505a\" data-element_type=\"section\" data-e-type=\"section\">\n\t\t\t\t\t\t<div class=\"elementor-container elementor-column-gap-default\">\n\t\t\t\t\t<div class=\"elementor-column elementor-col-100 elementor-top-column elementor-element elementor-element-9084188\" data-id=\"9084188\" data-element_type=\"column\" data-e-type=\"column\">\n\t\t\t<div class=\"elementor-widget-wrap elementor-element-populated\">\n\t\t\t\t\t\t<div class=\"elementor-element elementor-element-3f0057d elementor-widget elementor-widget-text-editor\" data-id=\"3f0057d\" data-element_type=\"widget\" data-e-type=\"widget\" data-widget_type=\"text-editor.default\">\n\t\t\t\t<div class=\"elementor-widget-container\">\n\t\t\t\t\t\t\t\t\t<p>The Design Center and audio-visual Support (CEDAA) is a unit of graphic design services, and support to the audiovisual production and the design and printing of prototypes 3D, to all the academic units of the Faculty of Engineering and related units with this Ability through common projects and institutional interest. Equipment to capture audio and video portable for productions of teachers, students and researchers.<\/p><p>In the area of graphic design material is produced graphic in printed and digital format according to the need and type of activity: regular courses, extension teaching, special, exhibitions, fairs, seminars, workshops and others.<\/p>\t\t\t\t\t\t\t\t<\/div>\n\t\t\t\t<\/div>\n\t\t\t\t\t<\/div>\n\t\t<\/div>\n\t\t\t\t\t<\/div>\n\t\t<\/section>\n\t\t\t\t<section class=\"elementor-section elementor-top-section elementor-element elementor-element-4c51e93 elementor-section-boxed elementor-section-height-default elementor-section-height-default\" data-id=\"4c51e93\" data-element_type=\"section\" data-e-type=\"section\">\n\t\t\t\t\t\t<div class=\"elementor-container elementor-column-gap-default\">\n\t\t\t\t\t<div class=\"elementor-column elementor-col-100 elementor-top-column elementor-element elementor-element-0cf0103\" data-id=\"0cf0103\" data-element_type=\"column\" data-e-type=\"column\">\n\t\t\t<div class=\"elementor-widget-wrap elementor-element-populated\">\n\t\t\t\t\t\t<div class=\"elementor-element elementor-element-905f97b elementor-widget elementor-widget-video\" data-id=\"905f97b\" data-element_type=\"widget\" data-e-type=\"widget\" data-settings=\"{&quot;youtube_url&quot;:&quot;https:\\\/\\\/www.youtube.com\\\/watch?v=bGpFNhbHYUI&quot;,&quot;autoplay&quot;:&quot;yes&quot;,&quot;mute&quot;:&quot;yes&quot;,&quot;video_type&quot;:&quot;youtube&quot;,&quot;controls&quot;:&quot;yes&quot;}\" data-widget_type=\"video.default\">\n\t\t\t\t<div class=\"elementor-widget-container\">\n\t\t\t\t\t\t\t<div class=\"elementor-wrapper elementor-open-inline\">\n\t\t\t<div class=\"elementor-video\"><\/div>\t\t<\/div>\n\t\t\t\t\t\t<\/div>\n\t\t\t\t<\/div>\n\t\t\t\t\t<\/div>\n\t\t<\/div>\n\t\t\t\t\t<\/div>\n\t\t<\/section>\n\t\t\t\t<\/div>","protected":false},"excerpt":{"rendered":"<p>El Centro de Dise\u00f1o y Apoyo Audiovisual (CEDAA) es una unidad de servicios de dise\u00f1o gr\u00e1fico, apoyo en la producci\u00f3n audiovisual y dise\u00f1o e impresi\u00f3n de prototipos 3D, para todas las unidades acad\u00e9micas de la Facultad de Ingenier\u00eda y a unidades relacionadas con esta Facultad mediante proyectos comunes y de [&hellip;]<\/p>\n","protected":false},"author":4,"featured_media":0,"parent":0,"menu_order":0,"comment_status":"closed","ping_status":"closed","template":"templates\/template-full-notitle.php","meta":{"footnotes":""},"class_list":["post-82","page","type-page","status-publish","hentry","post"],"_links":{"self":[{"href":"https:\/\/cedaa.ucr.ac.cr\/en\/wp-json\/wp\/v2\/pages\/82","targetHints":{"allow":["GET"]}}],"collection":[{"href":"https:\/\/cedaa.ucr.ac.cr\/en\/wp-json\/wp\/v2\/pages"}],"about":[{"href":"https:\/\/cedaa.ucr.ac.cr\/en\/wp-json\/wp\/v2\/types\/page"}],"author":[{"embeddable":true,"href":"https:\/\/cedaa.ucr.ac.cr\/en\/wp-json\/wp\/v2\/users\/4"}],"replies":[{"embeddable":true,"href":"https:\/\/cedaa.ucr.ac.cr\/en\/wp-json\/wp\/v2\/comments?post=82"}],"version-history":[{"count":5,"href":"https:\/\/cedaa.ucr.ac.cr\/en\/wp-json\/wp\/v2\/pages\/82\/revisions"}],"predecessor-version":[{"id":164,"href":"https:\/\/cedaa.ucr.ac.cr\/en\/wp-json\/wp\/v2\/pages\/82\/revisions\/164"}],"wp:attachment":[{"href":"https:\/\/cedaa.ucr.ac.cr\/en\/wp-json\/wp\/v2\/media?parent=82"}],"curies":[{"name":"wp","href":"https:\/\/api.w.org\/{rel}","templated":true}]}}